{"id":600,"date":"2021-07-04T22:19:24","date_gmt":"2021-07-04T22:19:24","guid":{"rendered":"https:\/\/stage.startertemplatecloud.com\/g11\/?page_id=600"},"modified":"2024-09-09T18:59:11","modified_gmt":"2024-09-09T18:59:11","slug":"gerencia","status":"publish","type":"page","link":"https:\/\/consultorajaimeayosa.com\/en\/gerencia\/","title":{"rendered":"Management"},"content":{"rendered":"<style>.kb-row-layout-id600_a42371-75 > .kt-row-column-wrap{align-content:start;}:where(.kb-row-layout-id600_a42371-75 > .kt-row-column-wrap) > .wp-block-kadence-column{justify-content:start;}.kb-row-layout-id600_a42371-75 > .kt-row-column-wrap{column-gap:var(--global-kb-gap-md, 2rem);row-gap:var(--global-kb-gap-md, 2rem);max-width:1230px;margin-left:auto;margin-right:auto;padding-top:140px;padding-right:0px;padding-bottom:221px;padding-left:0px;grid-template-columns:minmax(0, 1fr);}.kb-row-layout-id600_a42371-75{background-image:url('https:\/\/consultorajaimeayosa.com\/wp-content\/uploads\/2024\/09\/foto_actual.png');background-size:cover;background-position:99% 72%;background-attachment:scroll;background-repeat:no-repeat;}.kb-row-layout-id600_a42371-75 > .kt-row-layout-overlay{opacity:0.30;background:linear-gradient(180deg, var(--global-palette4) 35%, var(--global-palette3) 100%);}@media all and (max-width: 1024px){.kb-row-layout-id600_a42371-75 > .kt-row-column-wrap{grid-template-columns:minmax(0, 1fr);}}@media all and (max-width: 767px){.kb-row-layout-id600_a42371-75 > .kt-row-column-wrap{padding-top:120px;padding-right:20px;padding-bottom:30px;padding-left:20px;grid-template-columns:minmax(0, 1fr);}}<\/style><div class=\"kb-row-layout-wrap kb-row-layout-id600_a42371-75 alignnone kt-row-has-bg wp-block-kadence-rowlayout\"><div class=\"kt-row-layout-overlay kt-row-overlay-gradient\"><\/div><div class=\"kt-row-column-wrap kt-has-1-columns kt-row-layout-equal kt-tab-layout-inherit kt-mobile-layout-row kt-row-valign-top\">\n<style>.kadence-column600_2f2e06-c2 > .kt-inside-inner-col{padding-top:0px;padding-right:0px;padding-bottom:0px;padding-left:0px;}.kadence-column600_2f2e06-c2 > .kt-inside-inner-col,.kadence-column600_2f2e06-c2 > .kt-inside-inner-col:before{border-top-left-radius:0px;border-top-right-radius:0px;border-bottom-right-radius:0px;border-bottom-left-radius:0px;}.kadence-column600_2f2e06-c2 > .kt-inside-inner-col{column-gap:var(--global-kb-gap-sm, 1rem);}.kadence-column600_2f2e06-c2 > .kt-inside-inner-col{flex-direction:column;}.kadence-column600_2f2e06-c2 > .kt-inside-inner-col > .aligncenter{width:100%;}.kadence-column600_2f2e06-c2 > .kt-inside-inner-col:before{opacity:0.3;}.kadence-column600_2f2e06-c2{position:relative;}@media all and (max-width: 1024px){.kadence-column600_2f2e06-c2 > .kt-inside-inner-col{flex-direction:column;justify-content:center;}}@media all and (max-width: 767px){.kadence-column600_2f2e06-c2 > .kt-inside-inner-col{flex-direction:column;justify-content:center;}}<\/style>\n<div class=\"wp-block-kadence-column kadence-column600_2f2e06-c2 inner-column-1\"><div class=\"kt-inside-inner-col\"><style>.kb-row-layout-id600_496b27-ed > .kt-row-column-wrap{align-content:start;}:where(.kb-row-layout-id600_496b27-ed > .kt-row-column-wrap) > .wp-block-kadence-column{justify-content:start;}.kb-row-layout-id600_496b27-ed > .kt-row-column-wrap{column-gap:var(--global-kb-gap-none, 0rem );row-gap:var(--global-kb-gap-none, 0rem );max-width:1230px;margin-left:auto;margin-right:auto;padding-top:0px;padding-right:0px;padding-bottom:0px;padding-left:0px;grid-template-columns:minmax(0, 1fr);}.kb-row-layout-id600_496b27-ed > .kt-row-layout-overlay{opacity:0.30;}@media all and (max-width: 1024px){.kb-row-layout-id600_496b27-ed > .kt-row-column-wrap{padding-top:0px;padding-right:50px;padding-bottom:0px;padding-left:40px;grid-template-columns:minmax(0, 1fr);}}@media all and (max-width: 767px){.kb-row-layout-id600_496b27-ed > .kt-row-column-wrap{padding-top:0px;padding-right:0px;padding-bottom:0px;padding-left:0px;grid-template-columns:minmax(0, 1fr);}}<\/style><div class=\"kb-row-layout-wrap kb-row-layout-id600_496b27-ed alignnone wp-block-kadence-rowlayout\"><div class=\"kt-row-column-wrap kt-has-1-columns kt-row-layout-equal kt-tab-layout-inherit kt-mobile-layout-row kt-row-valign-top\">\n<style>.kadence-column600_54be0f-74 > .kt-inside-inner-col,.kadence-column600_54be0f-74 > .kt-inside-inner-col:before{border-top-left-radius:0px;border-top-right-radius:0px;border-bottom-right-radius:0px;border-bottom-left-radius:0px;}.kadence-column600_54be0f-74 > .kt-inside-inner-col{column-gap:var(--global-kb-gap-sm, 1rem);}.kadence-column600_54be0f-74 > .kt-inside-inner-col{flex-direction:column;}.kadence-column600_54be0f-74 > .kt-inside-inner-col > .aligncenter{width:100%;}.kadence-column600_54be0f-74 > .kt-inside-inner-col:before{opacity:0.3;}.kadence-column600_54be0f-74{position:relative;}@media all and (max-width: 1024px){.kadence-column600_54be0f-74 > .kt-inside-inner-col{flex-direction:column;justify-content:center;}}@media all and (max-width: 767px){.kadence-column600_54be0f-74 > .kt-inside-inner-col{flex-direction:column;justify-content:center;}}<\/style>\n<div class=\"wp-block-kadence-column kadence-column600_54be0f-74\"><div class=\"kt-inside-inner-col\"><\/div><\/div>\n\n<\/div><\/div><\/div><\/div>\n\n<\/div><\/div>\n\n<style>.kb-row-layout-id600_53f349-b0 > .kt-row-column-wrap{align-content:start;}:where(.kb-row-layout-id600_53f349-b0 > .kt-row-column-wrap) > .wp-block-kadence-column{justify-content:start;}.kb-row-layout-id600_53f349-b0 > .kt-row-column-wrap{column-gap:var(--global-kb-gap-none, 0rem );row-gap:var(--global-kb-gap-none, 0rem );max-width:1230px;margin-left:auto;margin-right:auto;padding-top:40px;padding-right:0px;padding-bottom:110px;padding-left:0px;grid-template-columns:minmax(0, calc(38% - ((var(--global-kb-gap-none, 0rem ) * 1 )\/2)))minmax(0, calc(62% - ((var(--global-kb-gap-none, 0rem ) * 1 )\/2)));}.kb-row-layout-id600_53f349-b0 > .kt-row-layout-overlay{opacity:0.30;}@media all and (max-width: 1024px){.kb-row-layout-id600_53f349-b0 > .kt-row-column-wrap{padding-top:0px;padding-right:20px;padding-bottom:80px;padding-left:20px;grid-template-columns:minmax(0, 1fr);}}@media all and (max-width: 767px){.kb-row-layout-id600_53f349-b0 > .kt-row-column-wrap{padding-top:30px;padding-right:20px;padding-bottom:60px;padding-left:20px;grid-template-columns:minmax(0, 1fr);}}<\/style><div class=\"kb-row-layout-wrap kb-row-layout-id600_53f349-b0 alignnone has-theme-palette9-background-color kt-row-has-bg wp-block-kadence-rowlayout\"><div class=\"kt-row-column-wrap kt-has-2-columns kt-row-layout-right-golden kt-tab-layout-row kt-mobile-layout-row kt-row-valign-top\">\n<style>.kadence-column600_de9873-94 > .kt-inside-inner-col{padding-top:10px;padding-right:10px;padding-bottom:10px;padding-left:10px;}.kadence-column600_de9873-94 > .kt-inside-inner-col,.kadence-column600_de9873-94 > .kt-inside-inner-col:before{border-top-left-radius:0px;border-top-right-radius:0px;border-bottom-right-radius:0px;border-bottom-left-radius:0px;}.kadence-column600_de9873-94 > .kt-inside-inner-col{column-gap:var(--global-kb-gap-sm, 1rem);}.kadence-column600_de9873-94 > .kt-inside-inner-col{flex-direction:column;}.kadence-column600_de9873-94 > .kt-inside-inner-col > .aligncenter{width:100%;}.kadence-column600_de9873-94 > .kt-inside-inner-col{background-color:var(--global-palette9, #ffffff);}.kadence-column600_de9873-94 > .kt-inside-inner-col:before{opacity:0.3;}.kadence-column600_de9873-94, .kadence-column600_de9873-94 h1, .kadence-column600_de9873-94 h2, .kadence-column600_de9873-94 h3, .kadence-column600_de9873-94 h4, .kadence-column600_de9873-94 h5, .kadence-column600_de9873-94 h6{color:var(--global-palette3, #1A202C);}.kadence-column600_de9873-94{position:relative;}@media all and (max-width: 1024px){.kadence-column600_de9873-94 > .kt-inside-inner-col{flex-direction:column;justify-content:center;}}@media all and (max-width: 767px){.kadence-column600_de9873-94 > .kt-inside-inner-col{flex-direction:column;justify-content:center;}}<\/style>\n<div class=\"wp-block-kadence-column kadence-column600_de9873-94 inner-column-1\"><div class=\"kt-inside-inner-col\">\n<div class=\"wp-block-group\"><div class=\"wp-block-group__inner-container is-layout-constrained wp-block-group-is-layout-constrained\"><style>.wp-block-kadence-column.kb-section-dir-horizontal > .kt-inside-inner-col > .kt-info-box600_0eb563-a1{max-width:500px;}.wp-block-kadence-column.kb-section-dir-horizontal > .kt-inside-inner-col > .kt-info-box600_0eb563-a1 .kt-blocks-info-box-link-wrap{max-width:unset;}.kt-info-box600_0eb563-a1 .kt-blocks-info-box-link-wrap{border-bottom-left-radius:0px;background:rgba(242, 242, 242, 0);max-width:500px;padding-top:0px;padding-right:0px;padding-bottom:0px;padding-left:0px;}.kt-info-box600_0eb563-a1 .kt-blocks-info-box-link-wrap:hover{background:rgba(242, 242, 242, 0);}.kt-info-box600_0eb563-a1.wp-block-kadence-infobox{max-width:100%;}.kt-info-box600_0eb563-a1 .kadence-info-box-image-inner-intrisic-container{max-width:400px;}.kt-info-box600_0eb563-a1 .kadence-info-box-image-inner-intrisic-container .kadence-info-box-image-intrisic{padding-bottom:107.1342%;width:827px;height:0px;max-width:100%;}.kt-info-box600_0eb563-a1 .kadence-info-box-icon-container .kt-info-svg-icon, .kt-info-box600_0eb563-a1 .kt-info-svg-icon-flip, .kt-info-box600_0eb563-a1 .kt-blocks-info-box-number{font-size:50px;}.kt-info-box600_0eb563-a1 .kt-blocks-info-box-media{color:#444444;border-radius:30px;overflow:hidden;border-top-width:0px;border-right-width:0px;border-bottom-width:0px;border-left-width:0px;padding-top:0px;padding-right:0px;padding-bottom:0px;padding-left:0px;}.kt-info-box600_0eb563-a1 .kt-blocks-info-box-media-container{margin-top:0px;margin-right:0px;margin-bottom:0px;margin-left:0px;}.kt-info-box600_0eb563-a1 .kt-blocks-info-box-link-wrap:hover .kt-blocks-info-box-media{color:#444444;}.kt-info-box600_0eb563-a1 .kt-infobox-textcontent h2.kt-blocks-info-box-title{padding-top:0px;padding-right:0px;padding-bottom:0px;padding-left:0px;margin-top:5px;margin-right:0px;margin-bottom:10px;margin-left:0px;}.kt-info-box600_0eb563-a1 .kt-infobox-textcontent .kt-blocks-info-box-text{color:#555555;}.kt-info-box600_0eb563-a1 .kt-blocks-info-box-learnmore{background:transparent;border-color:#555555;border-width:0px 0px 0px 0px;padding-top:4px;padding-right:8px;padding-bottom:4px;padding-left:8px;margin-top:10px;margin-right:0px;margin-bottom:10px;margin-left:0px;}.kt-info-box600_0eb563-a1 .kt-blocks-info-box-link-wrap:hover .kt-blocks-info-box-learnmore,.kt-info-box600_0eb563-a1 .kt-blocks-info-box-link-wrap .kt-blocks-info-box-learnmore:focus{color:#ffffff;background:#444444;border-color:#444444;}@media all and (max-width: 1024px){.kt-info-box600_0eb563-a1 .kt-blocks-info-box-link-wrap{text-align:center;}}@media all and (max-width: 767px){.kt-info-box600_0eb563-a1 .kt-blocks-info-box-link-wrap{text-align:center;}}<\/style>\n<div class=\"wp-block-kadence-infobox kt-info-box600_0eb563-a1\"><span class=\"kt-blocks-info-box-link-wrap info-box-link kt-blocks-info-box-media-align-top kt-info-halign-center kb-info-box-vertical-media-align-top kb-info-tablet-halign-center kb-info-mobile-halign-center\"><div class=\"kt-blocks-info-box-media-container\"><div class=\"kt-blocks-info-box-media kt-info-media-animate-none\"><div class=\"kadence-info-box-image-inner-intrisic-container\"><div class=\"kadence-info-box-image-intrisic kt-info-animate-none\"><div class=\"kadence-info-box-image-inner-intrisic\"><img loading=\"lazy\" decoding=\"async\" src=\"https:\/\/consultorajaimeayosa.com\/wp-content\/uploads\/2024\/09\/Jaime-Ayosa.jpg\" alt=\"\" width=\"827\" height=\"886\" class=\"kt-info-box-image wp-image-1178\" srcset=\"https:\/\/consultorajaimeayosa.com\/wp-content\/uploads\/2024\/09\/Jaime-Ayosa.jpg 827w, https:\/\/consultorajaimeayosa.com\/wp-content\/uploads\/2024\/09\/Jaime-Ayosa-280x300.jpg 280w, https:\/\/consultorajaimeayosa.com\/wp-content\/uploads\/2024\/09\/Jaime-Ayosa-768x823.jpg 768w\" sizes=\"auto, (max-width: 827px) 100vw, 827px\" \/><\/div><\/div><\/div><\/div><\/div><div class=\"kt-infobox-textcontent\"><\/div><\/span><\/div>\n<\/div><\/div>\n\n\n<style>.wp-block-kadence-advancedheading.kt-adv-heading600_2c8923-a3, .wp-block-kadence-advancedheading.kt-adv-heading600_2c8923-a3[data-kb-block=\"kb-adv-heading600_2c8923-a3\"]{margin-top:0px;margin-right:0px;margin-bottom:20px;margin-left:0px;text-align:center;font-style:normal;}.wp-block-kadence-advancedheading.kt-adv-heading600_2c8923-a3 mark.kt-highlight, .wp-block-kadence-advancedheading.kt-adv-heading600_2c8923-a3[data-kb-block=\"kb-adv-heading600_2c8923-a3\"] mark.kt-highlight{font-style:normal;color:#f76a0c;-webkit-box-decoration-break:clone;box-decoration-break:clone;padding-top:0px;padding-right:0px;padding-bottom:0px;padding-left:0px;}.wp-block-kadence-advancedheading.kt-adv-heading600_2c8923-a3 img.kb-inline-image, .wp-block-kadence-advancedheading.kt-adv-heading600_2c8923-a3[data-kb-block=\"kb-adv-heading600_2c8923-a3\"] img.kb-inline-image{width:150px;vertical-align:baseline;}<\/style>\n<p class=\"kt-adv-heading600_2c8923-a3 wp-block-kadence-advancedheading has-theme-palette-3-color has-text-color\" data-kb-block=\"kb-adv-heading600_2c8923-a3\">Economista por la Universidad Nacional de Piura con estudios de Maestr\u00eda en Gesti\u00f3n P\u00fablica del Turismo por la Universidad Internacional de Andaluc\u00eda \u2013 Sede Iberoamericana Santa Mar\u00eda de la R\u00e1bida. Diplomado en Cooperaci\u00f3n Internacional por la Universidad Complutense de Madrid: \u201cEficacia de la Ayuda y Nuevas Modalidades de la Cooperaci\u00f3n al Desarrollo\u201d.<\/p>\n<\/div><\/div>\n\n\n<style>.kadence-column600_edd6b3-8c > .kt-inside-inner-col{padding-top:10px;padding-right:10px;padding-bottom:10px;padding-left:10px;}.kadence-column600_edd6b3-8c > .kt-inside-inner-col,.kadence-column600_edd6b3-8c > .kt-inside-inner-col:before{border-top-left-radius:0px;border-top-right-radius:0px;border-bottom-right-radius:0px;border-bottom-left-radius:0px;}.kadence-column600_edd6b3-8c > .kt-inside-inner-col{column-gap:var(--global-kb-gap-sm, 1rem);}.kadence-column600_edd6b3-8c > .kt-inside-inner-col{flex-direction:column;}.kadence-column600_edd6b3-8c > .kt-inside-inner-col > .aligncenter{width:100%;}.kadence-column600_edd6b3-8c > .kt-inside-inner-col:before{opacity:0.3;}.kadence-column600_edd6b3-8c{position:relative;}.kadence-column600_edd6b3-8c, .kt-inside-inner-col > .kadence-column600_edd6b3-8c:not(.specificity){margin-top:0px;margin-right:0px;margin-bottom:0px;margin-left:40px;}@media all and (max-width: 1024px){.kadence-column600_edd6b3-8c > .kt-inside-inner-col{flex-direction:column;justify-content:center;}}@media all and (max-width: 1024px){.kadence-column600_edd6b3-8c, .kt-inside-inner-col > .kadence-column600_edd6b3-8c:not(.specificity){margin-top:50px;margin-right:0px;margin-bottom:0px;margin-left:0px;}}@media all and (max-width: 767px){.kadence-column600_edd6b3-8c > .kt-inside-inner-col{flex-direction:column;justify-content:center;}}<\/style>\n<div class=\"wp-block-kadence-column kadence-column600_edd6b3-8c inner-column-2\"><div class=\"kt-inside-inner-col\"><style>.wp-block-kadence-advancedheading.kt-adv-heading600_fd4818-ad, .wp-block-kadence-advancedheading.kt-adv-heading600_fd4818-ad[data-kb-block=\"kb-adv-heading600_fd4818-ad\"]{margin-top:0px;margin-right:0px;margin-bottom:20px;margin-left:0px;text-align:left;font-style:normal;color:#100188;}.wp-block-kadence-advancedheading.kt-adv-heading600_fd4818-ad mark.kt-highlight, .wp-block-kadence-advancedheading.kt-adv-heading600_fd4818-ad[data-kb-block=\"kb-adv-heading600_fd4818-ad\"] mark.kt-highlight{font-style:normal;color:#f76a0c;-webkit-box-decoration-break:clone;box-decoration-break:clone;padding-top:0px;padding-right:0px;padding-bottom:0px;padding-left:0px;}.wp-block-kadence-advancedheading.kt-adv-heading600_fd4818-ad img.kb-inline-image, .wp-block-kadence-advancedheading.kt-adv-heading600_fd4818-ad[data-kb-block=\"kb-adv-heading600_fd4818-ad\"] img.kb-inline-image{width:150px;vertical-align:baseline;}<\/style>\n<h2 class=\"kt-adv-heading600_fd4818-ad wp-block-kadence-advancedheading\" data-kb-block=\"kb-adv-heading600_fd4818-ad\"><strong>JAIME AYOSA<\/strong><\/h2>\n\n\n<style>.wp-block-kadence-advancedheading.kt-adv-heading600_589c9a-51, .wp-block-kadence-advancedheading.kt-adv-heading600_589c9a-51[data-kb-block=\"kb-adv-heading600_589c9a-51\"]{margin-top:0px;margin-right:0px;margin-bottom:20px;margin-left:0px;text-align:left;font-style:normal;}.wp-block-kadence-advancedheading.kt-adv-heading600_589c9a-51 mark.kt-highlight, .wp-block-kadence-advancedheading.kt-adv-heading600_589c9a-51[data-kb-block=\"kb-adv-heading600_589c9a-51\"] mark.kt-highlight{font-style:normal;color:#f76a0c;-webkit-box-decoration-break:clone;box-decoration-break:clone;padding-top:0px;padding-right:0px;padding-bottom:0px;padding-left:0px;}.wp-block-kadence-advancedheading.kt-adv-heading600_589c9a-51 img.kb-inline-image, .wp-block-kadence-advancedheading.kt-adv-heading600_589c9a-51[data-kb-block=\"kb-adv-heading600_589c9a-51\"] img.kb-inline-image{width:150px;vertical-align:baseline;}<\/style>\n<h6 class=\"kt-adv-heading600_589c9a-51 wp-block-kadence-advancedheading has-theme-palette-3-color has-text-color\" data-kb-block=\"kb-adv-heading600_589c9a-51\"><strong>Especialista en Cooperaci\u00f3n Internacional y Relaciones Internacionales<\/strong><\/h6>\n\n\n<style>.kb-row-layout-id600_44fe18-cb > .kt-row-column-wrap{align-content:start;}:where(.kb-row-layout-id600_44fe18-cb > .kt-row-column-wrap) > .wp-block-kadence-column{justify-content:start;}.kb-row-layout-id600_44fe18-cb > .kt-row-column-wrap{column-gap:var(--global-kb-gap-none, 0rem );row-gap:var(--global-kb-gap-none, 0rem );max-width:1230px;margin-left:auto;margin-right:auto;padding-top:0px;padding-right:0px;padding-bottom:0px;padding-left:0px;grid-template-columns:repeat(2, minmax(0, 1fr));}.kb-row-layout-id600_44fe18-cb > .kt-row-layout-overlay{opacity:0.30;}@media all and (max-width: 1024px){.kb-row-layout-wrap.wp-block-kadence-rowlayout.kb-row-layout-id600_44fe18-cb{margin-top:30px;margin-bottom:0px;}}@media all and (max-width: 1024px){.kb-row-layout-id600_44fe18-cb > .kt-row-column-wrap{grid-template-columns:minmax(0, 1fr);}}@media all and (max-width: 767px){.kb-row-layout-wrap.wp-block-kadence-rowlayout.kb-row-layout-id600_44fe18-cb{margin-top:0px;margin-bottom:0px;}.kb-row-layout-id600_44fe18-cb > .kt-row-column-wrap{grid-template-columns:minmax(0, 1fr);}}<\/style><div class=\"kb-row-layout-wrap kb-row-layout-id600_44fe18-cb alignnone wp-block-kadence-rowlayout\"><div class=\"kt-row-column-wrap kt-has-2-columns kt-row-layout-equal kt-tab-layout-row kt-mobile-layout-row kt-row-valign-top\">\n<style>.kadence-column600_2d46a7-e2 > .kt-inside-inner-col{padding-top:10px;padding-right:10px;padding-bottom:10px;padding-left:10px;}.kadence-column600_2d46a7-e2 > .kt-inside-inner-col,.kadence-column600_2d46a7-e2 > .kt-inside-inner-col:before{border-top-left-radius:0px;border-top-right-radius:0px;border-bottom-right-radius:0px;border-bottom-left-radius:0px;}.kadence-column600_2d46a7-e2 > .kt-inside-inner-col{column-gap:var(--global-kb-gap-sm, 1rem);}.kadence-column600_2d46a7-e2 > .kt-inside-inner-col{flex-direction:column;}.kadence-column600_2d46a7-e2 > .kt-inside-inner-col > .aligncenter{width:100%;}.kadence-column600_2d46a7-e2 > .kt-inside-inner-col:before{opacity:0.3;}.kadence-column600_2d46a7-e2, .kadence-column600_2d46a7-e2 h1, .kadence-column600_2d46a7-e2 h2, .kadence-column600_2d46a7-e2 h3, .kadence-column600_2d46a7-e2 h4, .kadence-column600_2d46a7-e2 h5, .kadence-column600_2d46a7-e2 h6{color:var(--global-palette3, #1A202C);}.kadence-column600_2d46a7-e2{position:relative;}.kadence-column600_2d46a7-e2, .kt-inside-inner-col > .kadence-column600_2d46a7-e2:not(.specificity){margin-top:0px;margin-right:30px;margin-bottom:0px;margin-left:0px;}@media all and (max-width: 1024px){.kadence-column600_2d46a7-e2 > .kt-inside-inner-col{flex-direction:column;justify-content:center;}}@media all and (max-width: 1024px){.kadence-column600_2d46a7-e2, .kt-inside-inner-col > .kadence-column600_2d46a7-e2:not(.specificity){margin-top:0px;margin-right:0px;margin-bottom:0px;margin-left:0px;}}@media all and (max-width: 767px){.kadence-column600_2d46a7-e2 > .kt-inside-inner-col{flex-direction:column;justify-content:center;}}<\/style>\n<div class=\"wp-block-kadence-column kadence-column600_2d46a7-e2 inner-column-1\"><div class=\"kt-inside-inner-col\">\n<p class=\"has--font-size justificar\">Fue Jefe de la Oficina de Cooperaci\u00f3n T\u00e9cnica Internacional del Gobierno Regional Piura durante los a\u00f1os 2009 al 2010, del 2012 al 2014, del 2019 al 2022, y del 2023 a febrero del 2024.<br><br>Gestor de m\u00e1s de 120 convenios con organismos de la cooperaci\u00f3n internacional para la ejecuci\u00f3n de m\u00e1s de 150 Proyectos de desarrollo sostenible de nivel regional y nacional en los temas de: diversificaci\u00f3n productiva, tecnolog\u00eda agr\u00edcola, seguridad alimentaria, desarrollo acu\u00edcola, transformaci\u00f3n digital, gesti\u00f3n del ambiente, gesti\u00f3n de riesgo de desastres, energ\u00edas renovables, gesti\u00f3n integral de la biodiversidad y manejo de bosques, suministro de agua limpia, saneamiento b\u00e1sico, fortalecimiento del sistema de salud,&nbsp; educaci\u00f3n integral, gesti\u00f3n del patrimonio cultural, Ciencia, Tecnolog\u00eda e Innovaci\u00f3n, entre otros.<\/p>\n<\/div><\/div>\n\n\n<style>.kadence-column600_c4cfa3-e4 > .kt-inside-inner-col{padding-top:10px;padding-right:10px;padding-bottom:10px;padding-left:10px;}.kadence-column600_c4cfa3-e4 > .kt-inside-inner-col,.kadence-column600_c4cfa3-e4 > .kt-inside-inner-col:before{border-top-left-radius:0px;border-top-right-radius:0px;border-bottom-right-radius:0px;border-bottom-left-radius:0px;}.kadence-column600_c4cfa3-e4 > .kt-inside-inner-col{column-gap:var(--global-kb-gap-sm, 1rem);}.kadence-column600_c4cfa3-e4 > .kt-inside-inner-col{flex-direction:column;}.kadence-column600_c4cfa3-e4 > .kt-inside-inner-col > .aligncenter{width:100%;}.kadence-column600_c4cfa3-e4 > .kt-inside-inner-col:before{opacity:0.3;}.kadence-column600_c4cfa3-e4{position:relative;}.kadence-column600_c4cfa3-e4, .kt-inside-inner-col > .kadence-column600_c4cfa3-e4:not(.specificity){margin-top:0px;margin-right:0px;margin-bottom:0px;margin-left:30px;}@media all and (max-width: 1024px){.kadence-column600_c4cfa3-e4 > .kt-inside-inner-col{flex-direction:column;justify-content:center;}}@media all and (max-width: 1024px){.kadence-column600_c4cfa3-e4, .kt-inside-inner-col > .kadence-column600_c4cfa3-e4:not(.specificity){margin-top:0px;margin-right:0px;margin-bottom:0px;margin-left:0px;}}@media all and (max-width: 767px){.kadence-column600_c4cfa3-e4 > .kt-inside-inner-col{flex-direction:column;justify-content:center;}}<\/style>\n<div class=\"wp-block-kadence-column kadence-column600_c4cfa3-e4 inner-column-2\"><div class=\"kt-inside-inner-col\">\n<p class=\"has--font-size justificar\">Promotor de los Acuerdos de cooperaci\u00f3n con los Gobiernos del Estado de Utah, Washington, Oklahoma, Maryland y con los Gobiernos Auton\u00f3micos de Extremadura y Navarra. Organizador de Misiones Oficiales de Cooperaci\u00f3n y Negocios Internacionales. Organizador de Ruedas de Negocios con los Estados Unidos de Am\u00e9rica y con C\u00e1maras de Comercio de la Uni\u00f3n Europea.<br>&nbsp;<br>Ha sido Asesor de la Secretar\u00eda Nacional de Desarrollo Econ\u00f3mico de la Red de Municipalidades Urbanas y Rurales del Per\u00fa(Remurpe). Asesor en Desarrollo Econ\u00f3mico y Relaciones Internacionales de la Municipalidad Distrital de La Arena. Asesor en Desarrollo Econ\u00f3mico y Relaciones Internacionales de la Mancomunidad Municipal Se\u00f1or Cautivo de Ayabaca. Asesor en Gesti\u00f3n de la Cooperaci\u00f3n Internacional en la Municipalidad Provincial de Sullana. Coordinador General del Instituto del Ciudadano en Piura \u2013 Fundaci\u00f3n Friedrich Naumann Stiftung.<\/p>\n<\/div><\/div>\n\n<\/div><\/div><\/div><\/div>\n\n<\/div><\/div>","protected":false},"excerpt":{"rendered":"<p>Economista por la Universidad Nacional de Piura con estudios de Maestr\u00eda en Gesti\u00f3n P\u00fablica del Turismo por la Universidad Internacional de Andaluc\u00eda \u2013 Sede Iberoamericana Santa Mar\u00eda de la R\u00e1bida. Diplomado en Cooperaci\u00f3n Internacional por la Universidad Complutense de Madrid: \u201cEficacia de la Ayuda y Nuevas Modalidades de la Cooperaci\u00f3n al Desarrollo\u201d. JAIME AYOSA Especialista&#8230;<\/p>","protected":false},"author":1,"featured_media":0,"parent":0,"menu_order":0,"comment_status":"closed","ping_status":"closed","template":"","meta":{"_kadence_starter_templates_imported_post":true,"_kad_post_transparent":"","_kad_post_title":"hide","_kad_post_layout":"fullwidth","_kad_post_sidebar_id":"","_kad_post_content_style":"unboxed","_kad_post_vertical_padding":"hide","_kad_post_feature":"hide","_kad_post_feature_position":"","_kad_post_header":false,"_kad_post_footer":false,"_kad_post_classname":"","footnotes":""},"class_list":["post-600","page","type-page","status-publish","hentry"],"_links":{"self":[{"href":"https:\/\/consultorajaimeayosa.com\/en\/wp-json\/wp\/v2\/pages\/600","targetHints":{"allow":["GET"]}}],"collection":[{"href":"https:\/\/consultorajaimeayosa.com\/en\/wp-json\/wp\/v2\/pages"}],"about":[{"href":"https:\/\/consultorajaimeayosa.com\/en\/wp-json\/wp\/v2\/types\/page"}],"author":[{"embeddable":true,"href":"https:\/\/consultorajaimeayosa.com\/en\/wp-json\/wp\/v2\/users\/1"}],"replies":[{"embeddable":true,"href":"https:\/\/consultorajaimeayosa.com\/en\/wp-json\/wp\/v2\/comments?post=600"}],"version-history":[{"count":28,"href":"https:\/\/consultorajaimeayosa.com\/en\/wp-json\/wp\/v2\/pages\/600\/revisions"}],"predecessor-version":[{"id":2148,"href":"https:\/\/consultorajaimeayosa.com\/en\/wp-json\/wp\/v2\/pages\/600\/revisions\/2148"}],"wp:attachment":[{"href":"https:\/\/consultorajaimeayosa.com\/en\/wp-json\/wp\/v2\/media?parent=600"}],"curies":[{"name":"wp","href":"https:\/\/api.w.org\/{rel}","templated":true}]}}